{"id":2543,"date":"2024-07-31T14:57:25","date_gmt":"2024-07-31T19:57:25","guid":{"rendered":"https:\/\/novaentretenimiento.com\/home\/?page_id=2543"},"modified":"2024-08-30T16:47:24","modified_gmt":"2024-08-30T21:47:24","slug":"conocenos","status":"publish","type":"page","link":"https:\/\/novaentretenimiento.com\/home\/conocenos\/","title":{"rendered":"CON\u00d3CENOS"},"content":{"rendered":"\t\t<div data-elementor-type=\"wp-page\" data-elementor-id=\"2543\" class=\"elementor elementor-2543\" data-elementor-post-type=\"page\">\n\t\t\t\t\t\t<section class=\"elementor-section elementor-top-section elementor-element elementor-element-be66f12 elementor-section-full_width elementor-section-height-min-height elementor-section-height-default elementor-section-items-middle\" data-id=\"be66f12\" data-element_type=\"section\" data-e-type=\"section\" data-settings=\"{&quot;background_background&quot;:&quot;slideshow&quot;,&quot;background_slideshow_gallery&quot;:[{&quot;id&quot;:3579,&quot;url&quot;:&quot;https:\\\/\\\/novaentretenimiento.com\\\/wp-content\\\/uploads\\\/2024\\\/08\\\/street-view-hong-kong-glass-skyscrapers-scaled.jpg&quot;}],&quot;animation&quot;:&quot;none&quot;,&quot;background_slideshow_loop&quot;:&quot;yes&quot;,&quot;background_slideshow_slide_duration&quot;:5000,&quot;background_slideshow_slide_transition&quot;:&quot;fade&quot;,&quot;background_slideshow_transition_duration&quot;:500}\">\n\t\t\t\t\t\t\t<div class=\"elementor-background-overlay\"><\/div>\n\t\t\t\t\t\t\t<div class=\"elementor-container elementor-column-gap-no\">\n\t\t\t\t\t<div class=\"elementor-column elementor-col-100 elementor-top-column elementor-element elementor-element-03c5dea\" data-id=\"03c5dea\" data-element_type=\"column\" data-e-type=\"column\">\n\t\t\t<div class=\"elementor-widget-wrap elementor-element-populated\">\n\t\t\t\t\t\t<section class=\"elementor-section elementor-inner-section elementor-element elementor-element-fa4c208 elementor-section-boxed elementor-section-height-default elementor-section-height-default\" data-id=\"fa4c208\" data-element_type=\"section\" data-e-type=\"section\">\n\t\t\t\t\t\t<div class=\"elementor-container elementor-column-gap-no\">\n\t\t\t\t\t<div class=\"elementor-column elementor-col-50 elementor-inner-column elementor-element elementor-element-5a5e414 elementor-invisible\" data-id=\"5a5e414\" data-element_type=\"column\" data-e-type=\"column\" data-settings=\"{&quot;background_background&quot;:&quot;gradient&quot;,&quot;animation&quot;:&quot;slideInRight&quot;}\">\n\t\t\t<div class=\"elementor-widget-wrap elementor-element-populated\">\n\t\t\t\t\t<div class=\"elementor-background-overlay\"><\/div>\n\t\t\t\t\t\t<div class=\"elementor-element elementor-element-c971060 elementor-invisible elementor-widget elementor-widget-heading\" data-id=\"c971060\" data-element_type=\"widget\" data-e-type=\"widget\" data-settings=\"{&quot;_animation&quot;:&quot;slideInDown&quot;}\" data-widget_type=\"heading.default\">\n\t\t\t\t<div class=\"elementor-widget-container\">\n\t\t\t\t\t<h2 class=\"elementor-heading-title elementor-size-default\">Nuestra empresa<\/h2>\t\t\t\t<\/div>\n\t\t\t\t<\/div>\n\t\t\t\t<div class=\"elementor-element elementor-element-27521ca elementor-hidden-desktop elementor-invisible elementor-widget elementor-widget-heading\" data-id=\"27521ca\" data-element_type=\"widget\" data-e-type=\"widget\" data-settings=\"{&quot;_animation&quot;:&quot;slideInDown&quot;}\" data-widget_type=\"heading.default\">\n\t\t\t\t<div class=\"elementor-widget-container\">\n\t\t\t\t\t<h2 class=\"elementor-heading-title elementor-size-default\">Nuestra empresa<\/h2>\t\t\t\t<\/div>\n\t\t\t\t<\/div>\n\t\t\t\t<div class=\"elementor-element elementor-element-3f0fd8a elementor-invisible elementor-widget elementor-widget-text-editor\" data-id=\"3f0fd8a\" data-element_type=\"widget\" data-e-type=\"widget\" data-settings=\"{&quot;_animation&quot;:&quot;fadeInLeft&quot;,&quot;_animation_delay&quot;:75}\" data-widget_type=\"text-editor.default\">\n\t\t\t\t<div class=\"elementor-widget-container\">\n\t\t\t\t\t\t\t\t\t<h6><span style=\"vertical-align: inherit;\">Somos una empresa con m\u00e1s de 20 a\u00f1os de experiencia dedicada al entretenimiento y las apuestas, ofrecemos gran variedad de m\u00e1quinas, eventos y promociones en todos nuestros casinos, premios y ofertas que no te puedes perder.<\/span><\/h6><p><strong><span style=\"vertical-align: inherit;\">Tenemos amplia cobertura en Bogot\u00e1<\/span><\/strong><\/p><p><strong><span style=\"vertical-align: inherit;\">\u00a1VEN YA A CONOCERNOS!<\/span><\/strong><\/p>\t\t\t\t\t\t\t\t<\/div>\n\t\t\t\t<\/div>\n\t\t\t\t<div class=\"elementor-element elementor-element-75f9c0a elementor-align-center elementor-invisible elementor-widget elementor-widget-button\" data-id=\"75f9c0a\" data-element_type=\"widget\" data-e-type=\"widget\" data-settings=\"{&quot;_animation&quot;:&quot;slideInDown&quot;}\" data-widget_type=\"button.default\">\n\t\t\t\t<div class=\"elementor-widget-container\">\n\t\t\t\t\t\t\t\t\t<div class=\"elementor-button-wrapper\">\n\t\t\t\t\t<a class=\"elementor-button elementor-button-link elementor-size-sm elementor-animation-grow\" href=\"https:\/\/novaentretenimiento.com\/home\/contacto\/\">\n\t\t\t\t\t\t<span class=\"elementor-button-content-wrapper\">\n\t\t\t\t\t\t\t\t\t<span class=\"elementor-button-text\">TRABAJA CON NOSOTROS<\/span>\n\t\t\t\t\t<\/span>\n\t\t\t\t\t<\/a>\n\t\t\t\t<\/div>\n\t\t\t\t\t\t\t\t<\/div>\n\t\t\t\t<\/div>\n\t\t\t\t\t<\/div>\n\t\t<\/div>\n\t\t\t\t<div class=\"elementor-column elementor-col-50 elementor-inner-column elementor-element elementor-element-5c6eabd\" data-id=\"5c6eabd\" data-element_type=\"column\" data-e-type=\"column\">\n\t\t\t<div class=\"elementor-widget-wrap\">\n\t\t\t\t\t\t\t<\/div>\n\t\t<\/div>\n\t\t\t\t\t<\/div>\n\t\t<\/section>\n\t\t\t\t\t<\/div>\n\t\t<\/div>\n\t\t\t\t\t<\/div>\n\t\t<\/section>\n\t\t<div class=\"elementor-element elementor-element-4e1192e e-flex e-con-boxed e-con e-parent\" data-id=\"4e1192e\" data-element_type=\"container\" data-e-type=\"container\" data-settings=\"{&quot;background_background&quot;:&quot;classic&quot;}\">\n\t\t\t\t\t<div class=\"e-con-inner\">\n\t\t<div class=\"elementor-element elementor-element-3f760a6 e-con-full e-flex e-con e-child\" data-id=\"3f760a6\" data-element_type=\"container\" data-e-type=\"container\" data-settings=\"{&quot;background_background&quot;:&quot;classic&quot;}\">\n\t\t\t\t<div class=\"elementor-element elementor-element-c66e7e6 elementor-pagination-type-bullets elementor-pagination-position-outside elementor-widget elementor-widget-n-carousel\" data-id=\"c66e7e6\" data-element_type=\"widget\" data-e-type=\"widget\" data-settings=\"{&quot;carousel_items&quot;:[{&quot;_id&quot;:&quot;115a0ce&quot;,&quot;slide_title&quot;:&quot;Slide #1&quot;},{&quot;_id&quot;:&quot;8cd779d&quot;,&quot;slide_title&quot;:&quot;Slide #2&quot;}],&quot;image_spacing_custom&quot;:{&quot;unit&quot;:&quot;px&quot;,&quot;size&quot;:0,&quot;sizes&quot;:[]},&quot;slides_to_show&quot;:&quot;2&quot;,&quot;slides_to_scroll&quot;:&quot;3&quot;,&quot;slides_to_show_tablet&quot;:&quot;2&quot;,&quot;slides_to_show_mobile&quot;:&quot;1&quot;,&quot;autoplay&quot;:&quot;yes&quot;,&quot;autoplay_speed&quot;:5000,&quot;pause_on_hover&quot;:&quot;yes&quot;,&quot;pause_on_interaction&quot;:&quot;yes&quot;,&quot;infinite&quot;:&quot;yes&quot;,&quot;speed&quot;:500,&quot;offset_sides&quot;:&quot;none&quot;,&quot;pagination&quot;:&quot;bullets&quot;,&quot;image_spacing_custom_tablet&quot;:{&quot;unit&quot;:&quot;px&quot;,&quot;size&quot;:&quot;&quot;,&quot;sizes&quot;:[]},&quot;image_spacing_custom_mobile&quot;:{&quot;unit&quot;:&quot;px&quot;,&quot;size&quot;:&quot;&quot;,&quot;sizes&quot;:[]}}\" data-widget_type=\"nested-carousel.default\">\n\t\t\t\t<div class=\"elementor-widget-container\">\n\t\t\t\t\t\t\t<div class=\"e-n-carousel swiper\" role=\"region\" aria-roledescription=\"carousel\" aria-label=\"Carousel\" dir=\"ltr\">\n\t\t\t<div class=\"swiper-wrapper\" aria-live=\"off\">\n\t\t\t\t\t\t\t\t\t\t<div class=\"swiper-slide\" data-slide=\"1\" role=\"group\" aria-roledescription=\"slide\" aria-label=\"1 of 2\">\n\t\t\t\t\t\t\t<div class=\"elementor-element elementor-element-9d090ac e-flex e-con-boxed e-con e-child\" data-id=\"9d090ac\" data-element_type=\"container\" data-e-type=\"container\">\n\t\t\t\t\t<div class=\"e-con-inner\">\n\t\t<div class=\"elementor-element elementor-element-ab45cfe e-con-full e-flex e-con e-child\" data-id=\"ab45cfe\" data-element_type=\"container\" data-e-type=\"container\">\n\t\t\t\t<div class=\"elementor-element elementor-element-169cfa4 elementor-widget elementor-widget-image\" data-id=\"169cfa4\" data-element_type=\"widget\" data-e-type=\"widget\" data-widget_type=\"image.default\">\n\t\t\t\t<div class=\"elementor-widget-container\">\n\t\t\t\t\t\t\t\t\t\t\t\t\t\t\t<img fetchpriority=\"high\" decoding=\"async\" width=\"800\" height=\"980\" src=\"https:\/\/novaentretenimiento.com\/wp-content\/uploads\/2024\/08\/MISION-01-836x1024.jpg\" class=\"elementor-animation-wobble-vertical attachment-large size-large wp-image-3395\" alt=\"\" srcset=\"https:\/\/novaentretenimiento.com\/wp-content\/uploads\/2024\/08\/MISION-01-836x1024.jpg 836w, https:\/\/novaentretenimiento.com\/wp-content\/uploads\/2024\/08\/MISION-01-245x300.jpg 245w, https:\/\/novaentretenimiento.com\/wp-content\/uploads\/2024\/08\/MISION-01-768x940.jpg 768w, https:\/\/novaentretenimiento.com\/wp-content\/uploads\/2024\/08\/MISION-01-1254x1536.jpg 1254w, https:\/\/novaentretenimiento.com\/wp-content\/uploads\/2024\/08\/MISION-01-1673x2048.jpg 1673w, https:\/\/novaentretenimiento.com\/wp-content\/uploads\/2024\/08\/MISION-01-600x735.jpg 600w, https:\/\/novaentretenimiento.com\/wp-content\/uploads\/2024\/08\/MISION-01.jpg 1778w\" sizes=\"(max-width: 800px) 100vw, 800px\" \/>\t\t\t\t\t\t\t\t\t\t\t\t\t\t\t<\/div>\n\t\t\t\t<\/div>\n\t\t\t\t<\/div>\n\t\t\t\t\t<\/div>\n\t\t\t\t<\/div>\n\t\t\t\t\t\t\t\t<\/div>\n\t\t\t\t\t\t\t\t\t\t\t<div class=\"swiper-slide\" data-slide=\"2\" role=\"group\" aria-roledescription=\"slide\" aria-label=\"2 of 2\">\n\t\t\t\t\t\t\t<div class=\"elementor-element elementor-element-fc1fd48 e-flex e-con-boxed e-con e-child\" data-id=\"fc1fd48\" data-element_type=\"container\" data-e-type=\"container\">\n\t\t\t\t\t<div class=\"e-con-inner\">\n\t\t<div class=\"elementor-element elementor-element-3b1a55a e-con-full e-flex e-con e-child\" data-id=\"3b1a55a\" data-element_type=\"container\" data-e-type=\"container\">\n\t\t\t\t<div class=\"elementor-element elementor-element-b00172e elementor-widget elementor-widget-image\" data-id=\"b00172e\" data-element_type=\"widget\" data-e-type=\"widget\" data-widget_type=\"image.default\">\n\t\t\t\t<div class=\"elementor-widget-container\">\n\t\t\t\t\t\t\t\t\t\t\t\t\t\t\t<img decoding=\"async\" width=\"800\" height=\"980\" src=\"https:\/\/novaentretenimiento.com\/wp-content\/uploads\/2024\/08\/VISION-01-2-836x1024.jpg\" class=\"elementor-animation-wobble-vertical attachment-large size-large wp-image-3398\" alt=\"\" srcset=\"https:\/\/novaentretenimiento.com\/wp-content\/uploads\/2024\/08\/VISION-01-2-836x1024.jpg 836w, https:\/\/novaentretenimiento.com\/wp-content\/uploads\/2024\/08\/VISION-01-2-245x300.jpg 245w, https:\/\/novaentretenimiento.com\/wp-content\/uploads\/2024\/08\/VISION-01-2-768x940.jpg 768w, https:\/\/novaentretenimiento.com\/wp-content\/uploads\/2024\/08\/VISION-01-2-1254x1536.jpg 1254w, https:\/\/novaentretenimiento.com\/wp-content\/uploads\/2024\/08\/VISION-01-2-1673x2048.jpg 1673w, https:\/\/novaentretenimiento.com\/wp-content\/uploads\/2024\/08\/VISION-01-2-600x735.jpg 600w, https:\/\/novaentretenimiento.com\/wp-content\/uploads\/2024\/08\/VISION-01-2.jpg 1778w\" sizes=\"(max-width: 800px) 100vw, 800px\" \/>\t\t\t\t\t\t\t\t\t\t\t\t\t\t\t<\/div>\n\t\t\t\t<\/div>\n\t\t\t\t<\/div>\n\t\t\t\t\t<\/div>\n\t\t\t\t<\/div>\n\t\t\t\t\t\t\t\t<\/div>\n\t\t\t\t\t\t\t\t<\/div>\n\t\t<\/div>\n\t\t\t\t\t<div class=\"swiper-pagination\"><\/div>\n\t\t\t\t\t\t<\/div>\n\t\t\t\t<\/div>\n\t\t\t\t<\/div>\n\t\t\t\t\t<\/div>\n\t\t\t\t<\/div>\n\t\t\t\t<\/div>\n\t\t","protected":false},"excerpt":{"rendered":"<p>Nuestra empresa Nuestra empresa Somos una empresa con m\u00e1s de 20 a\u00f1os de experiencia dedicada al entretenimiento y las apuestas, ofrecemos gran variedad de m\u00e1quinas, eventos y promociones en todos nuestros casinos, premios y ofertas que no te puedes perder. Tenemos amplia cobertura en Bogot\u00e1 \u00a1VEN YA A CONOCERNOS! TRABAJA CON NOSOTROS<\/p>\n","protected":false},"author":1,"featured_media":0,"parent":0,"menu_order":0,"comment_status":"closed","ping_status":"closed","template":"elementor_header_footer","meta":{"footnotes":""},"class_list":["post-2543","page","type-page","status-publish","hentry"],"_links":{"self":[{"href":"https:\/\/novaentretenimiento.com\/home\/wp-json\/wp\/v2\/pages\/2543","targetHints":{"allow":["GET"]}}],"collection":[{"href":"https:\/\/novaentretenimiento.com\/home\/wp-json\/wp\/v2\/pages"}],"about":[{"href":"https:\/\/novaentretenimiento.com\/home\/wp-json\/wp\/v2\/types\/page"}],"author":[{"embeddable":true,"href":"https:\/\/novaentretenimiento.com\/home\/wp-json\/wp\/v2\/users\/1"}],"replies":[{"embeddable":true,"href":"https:\/\/novaentretenimiento.com\/home\/wp-json\/wp\/v2\/comments?post=2543"}],"version-history":[{"count":87,"href":"https:\/\/novaentretenimiento.com\/home\/wp-json\/wp\/v2\/pages\/2543\/revisions"}],"predecessor-version":[{"id":3708,"href":"https:\/\/novaentretenimiento.com\/home\/wp-json\/wp\/v2\/pages\/2543\/revisions\/3708"}],"wp:attachment":[{"href":"https:\/\/novaentretenimiento.com\/home\/wp-json\/wp\/v2\/media?parent=2543"}],"curies":[{"name":"wp","href":"https:\/\/api.w.org\/{rel}","templated":true}]}}